{"id":2454,"date":"2024-12-10T11:51:41","date_gmt":"2024-12-10T10:51:41","guid":{"rendered":"https:\/\/classictech.eu\/?page_id=2454"},"modified":"2025-01-02T10:09:08","modified_gmt":"2025-01-02T09:09:08","slug":"jak-to-robimy","status":"publish","type":"page","link":"https:\/\/classic.skyweb.com.pl\/?page_id=2454","title":{"rendered":"Jak to robimy"},"content":{"rendered":"\t\t<div data-elementor-type=\"wp-page\" data-elementor-id=\"2454\" class=\"elementor elementor-2454\" data-elementor-post-type=\"page\">\n\t\t\t\t<div class=\"elementor-element elementor-element-e22035c e-flex e-con-boxed e-con e-parent\" data-id=\"e22035c\" data-element_type=\"container\" data-settings=\"{&quot;background_background&quot;:&quot;gradient&quot;,&quot;ekit_has_onepagescroll_dot&quot;:&quot;yes&quot;}\">\n\t\t\t\t\t<div class=\"e-con-inner\">\n\t\t\t\t\t<\/div>\n\t\t\t\t<\/div>\n\t\t<div class=\"elementor-element elementor-element-d9d6cf5 e-con-full elementor-hidden-tablet elementor-hidden-mobile e-flex elementor-invisible e-con e-parent\" data-id=\"d9d6cf5\" data-element_type=\"container\" data-settings=\"{&quot;background_background&quot;:&quot;classic&quot;,&quot;animation&quot;:&quot;fadeInDown&quot;,&quot;ekit_has_onepagescroll_dot&quot;:&quot;yes&quot;}\">\n\t\t\t\t<div class=\"elementor-element elementor-element-de45624 elementor-widget elementor-widget-image\" data-id=\"de45624\" data-element_type=\"widget\" data-settings=\"{&quot;ekit_we_effect_on&quot;:&quot;none&quot;}\" data-widget_type=\"image.default\">\n\t\t\t\t<div class=\"elementor-widget-container\">\n\t\t\t\t\t\t\t\t\t\t\t\t\t<img fetchpriority=\"high\" decoding=\"async\" width=\"740\" height=\"1024\" src=\"https:\/\/classic.skyweb.com.pl\/wp-content\/uploads\/2024\/10\/classictech_white-740x1024.png\" class=\"attachment-large size-large wp-image-716\" alt=\"\" srcset=\"https:\/\/classic.skyweb.com.pl\/wp-content\/uploads\/2024\/10\/classictech_white-740x1024.png 740w, https:\/\/classic.skyweb.com.pl\/wp-content\/uploads\/2024\/10\/classictech_white-217x300.png 217w, https:\/\/classic.skyweb.com.pl\/wp-content\/uploads\/2024\/10\/classictech_white-768x1063.png 768w, https:\/\/classic.skyweb.com.pl\/wp-content\/uploads\/2024\/10\/classictech_white.png 832w\" sizes=\"(max-width: 740px) 100vw, 740px\" \/>\t\t\t\t\t\t\t\t\t\t\t\t\t<\/div>\n\t\t\t\t<\/div>\n\t\t\t\t<\/div>\n\t\t<div class=\"elementor-element elementor-element-8d98b3a e-flex e-con-boxed e-con e-parent\" data-id=\"8d98b3a\" data-element_type=\"container\" data-settings=\"{&quot;background_background&quot;:&quot;classic&quot;,&quot;ekit_has_onepagescroll_dot&quot;:&quot;yes&quot;}\">\n\t\t\t\t\t<div class=\"e-con-inner\">\n\t\t\t\t<div class=\"elementor-element elementor-element-983739a elementor-widget elementor-widget-text-editor\" data-id=\"983739a\" data-element_type=\"widget\" data-settings=\"{&quot;ekit_we_effect_on&quot;:&quot;none&quot;}\" data-widget_type=\"text-editor.default\">\n\t\t\t\t<div class=\"elementor-widget-container\">\n\t\t\t\t\t\t\t<p>Jak to robimy<\/p>\t\t\t\t\t\t<\/div>\n\t\t\t\t<\/div>\n\t\t\t\t<div class=\"elementor-element elementor-element-e2f33ac elementor-widget__width-initial elementor-widget elementor-widget-text-editor\" data-id=\"e2f33ac\" data-element_type=\"widget\" data-settings=\"{&quot;ekit_we_effect_on&quot;:&quot;none&quot;}\" data-widget_type=\"text-editor.default\">\n\t\t\t\t<div class=\"elementor-widget-container\">\n\t\t\t\t\t\t\t<p>&#8222;Renowacja klasycznych samochod\u00f3w to sztuka, w kt\u00f3rej ka\u017cdy detal ma znaczenie. W Classictech wierzymy, \u017ce ka\u017cde auto ma swoj\u0105 histori\u0119 i dusz\u0119, kt\u00f3r\u0105 warto przywr\u00f3ci\u0107 do \u017cycia. Nasz proces to harmonijne po\u0142\u0105czenie precyzji, wiedzy i pasji, kt\u00f3re pozwala nam osi\u0105ga\u0107 spektakularne efekty. Od pierwszego spojrzenia na pojazd, a\u017c po moment, gdy opuszcza nasz\u0105 pracowni\u0119 w pe\u0142nej krasie \u2013 dbamy o najwy\u017csz\u0105 jako\u015b\u0107 na ka\u017cdym etapie. Rozumiemy, jak wa\u017cne s\u0105 autentyczno\u015b\u0107 i oryginalny charakter, dlatego ka\u017cdy projekt traktujemy indywidualnie. Dzi\u0119ki wieloletniemu do\u015bwiadczeniu i wsp\u00f3\u0142pracy z ekspertami w bran\u017cy potrafimy przywr\u00f3ci\u0107 \u015bwietno\u015b\u0107 nawet najbardziej wymagaj\u0105cym pojazdom. Poznaj krok po kroku, jak odmieniamy zabytkowe auta i sprawiamy, \u017ce zn\u00f3w zachwycaj\u0105 na drodze. Nasza praca to wi\u0119cej ni\u017c renowacja \u2013 to podr\u00f3\u017c w czasie, kt\u00f3r\u0105 dzielimy z naszymi klientami.&#8221;<\/p>\t\t\t\t\t\t<\/div>\n\t\t\t\t<\/div>\n\t\t\t\t\t<\/div>\n\t\t\t\t<\/div>\n\t\t<div class=\"elementor-element elementor-element-82efc45 e-flex e-con-boxed e-con e-parent\" data-id=\"82efc45\" data-element_type=\"container\" data-settings=\"{&quot;ekit_has_onepagescroll_dot&quot;:&quot;yes&quot;}\">\n\t\t\t\t\t<div class=\"e-con-inner\">\n\t\t<div class=\"elementor-element elementor-element-04d8d7f e-con-full e-flex e-con e-child\" data-id=\"04d8d7f\" data-element_type=\"container\" data-settings=\"{&quot;ekit_has_onepagescroll_dot&quot;:&quot;yes&quot;}\">\n\t\t<div class=\"elementor-element elementor-element-c9e7e2a e-con-full e-flex e-con e-child\" data-id=\"c9e7e2a\" data-element_type=\"container\" data-settings=\"{&quot;background_background&quot;:&quot;classic&quot;,&quot;ekit_has_onepagescroll_dot&quot;:&quot;yes&quot;}\">\n\t\t\t\t<\/div>\n\t\t<div class=\"elementor-element elementor-element-6555ed7 e-con-full e-flex e-con e-child\" data-id=\"6555ed7\" data-element_type=\"container\" data-settings=\"{&quot;background_background&quot;:&quot;classic&quot;,&quot;ekit_has_onepagescroll_dot&quot;:&quot;yes&quot;}\">\n\t\t\t\t<div class=\"elementor-element elementor-element-c9fd85d elementor-widget elementor-widget-text-editor\" data-id=\"c9fd85d\" data-element_type=\"widget\" data-settings=\"{&quot;ekit_we_effect_on&quot;:&quot;none&quot;}\" data-widget_type=\"text-editor.default\">\n\t\t\t\t<div class=\"elementor-widget-container\">\n\t\t\t\t\t\t\t<ol><li>Ocena stanu pojazdu i plan renowacji<\/li><\/ol>\t\t\t\t\t\t<\/div>\n\t\t\t\t<\/div>\n\t\t\t\t<div class=\"elementor-element elementor-element-8333d21 elementor-widget-divider--view-line elementor-widget elementor-widget-divider\" data-id=\"8333d21\" data-element_type=\"widget\" data-settings=\"{&quot;ekit_we_effect_on&quot;:&quot;none&quot;}\" data-widget_type=\"divider.default\">\n\t\t\t\t<div class=\"elementor-widget-container\">\n\t\t\t\t\t<div class=\"elementor-divider\">\n\t\t\t<span class=\"elementor-divider-separator\">\n\t\t\t\t\t\t<\/span>\n\t\t<\/div>\n\t\t\t\t<\/div>\n\t\t\t\t<\/div>\n\t\t\t\t<div class=\"elementor-element elementor-element-e2999a9 elementor-widget__width-initial elementor-widget elementor-widget-text-editor\" data-id=\"e2999a9\" data-element_type=\"widget\" data-settings=\"{&quot;ekit_we_effect_on&quot;:&quot;none&quot;}\" data-widget_type=\"text-editor.default\">\n\t\t\t\t<div class=\"elementor-widget-container\">\n\t\t\t\t\t\t\t<p>Pierwszym krokiem w naszym procesie jest dok\u0142adna analiza stanu samochodu. Oceniamy ka\u017cdy element \u2013 od karoserii, przez mechanik\u0119, a\u017c po wn\u0119trze. Nast\u0119pnie tworzymy szczeg\u00f3\u0142owy plan renowacji, kt\u00f3ry uwzgl\u0119dnia potrzeby auta i oczekiwania w\u0142a\u015bciciela. Je\u015bli renowacja robiona jest na zlecenie w\u0142a\u015bciciela auta, na tym etapie konsultujemy si\u0119 z Nim, aby upewni\u0107 si\u0119, \u017ce ka\u017cdy szczeg\u00f3\u0142 odpowiada jego wizji.<\/p>\t\t\t\t\t\t<\/div>\n\t\t\t\t<\/div>\n\t\t\t\t<\/div>\n\t\t\t\t<\/div>\n\t\t<div class=\"elementor-element elementor-element-c334fc6 e-con-full e-flex e-con e-child\" data-id=\"c334fc6\" data-element_type=\"container\" data-settings=\"{&quot;ekit_has_onepagescroll_dot&quot;:&quot;yes&quot;}\">\n\t\t<div class=\"elementor-element elementor-element-d02390f e-con-full e-flex e-con e-child\" data-id=\"d02390f\" data-element_type=\"container\" data-settings=\"{&quot;background_background&quot;:&quot;classic&quot;,&quot;ekit_has_onepagescroll_dot&quot;:&quot;yes&quot;}\">\n\t\t\t\t<div class=\"elementor-element elementor-element-a1174eb elementor-widget elementor-widget-text-editor\" data-id=\"a1174eb\" data-element_type=\"widget\" data-settings=\"{&quot;ekit_we_effect_on&quot;:&quot;none&quot;}\" data-widget_type=\"text-editor.default\">\n\t\t\t\t<div class=\"elementor-widget-container\">\n\t\t\t\t\t\t\t<p>2. Demonta\u017c i dokumentacja<\/p>\t\t\t\t\t\t<\/div>\n\t\t\t\t<\/div>\n\t\t\t\t<div class=\"elementor-element elementor-element-280294b elementor-widget-divider--view-line elementor-widget elementor-widget-divider\" data-id=\"280294b\" data-element_type=\"widget\" data-settings=\"{&quot;ekit_we_effect_on&quot;:&quot;none&quot;}\" data-widget_type=\"divider.default\">\n\t\t\t\t<div class=\"elementor-widget-container\">\n\t\t\t\t\t<div class=\"elementor-divider\">\n\t\t\t<span class=\"elementor-divider-separator\">\n\t\t\t\t\t\t<\/span>\n\t\t<\/div>\n\t\t\t\t<\/div>\n\t\t\t\t<\/div>\n\t\t\t\t<div class=\"elementor-element elementor-element-e71262d elementor-widget__width-initial elementor-widget elementor-widget-text-editor\" data-id=\"e71262d\" data-element_type=\"widget\" data-settings=\"{&quot;ekit_we_effect_on&quot;:&quot;none&quot;}\" data-widget_type=\"text-editor.default\">\n\t\t\t\t<div class=\"elementor-widget-container\">\n\t\t\t\t\t\t\t<p>Po zaakceptowaniu planu przyst\u0119pujemy do demonta\u017cu pojazdu. Ka\u017cda cz\u0119\u015b\u0107 jest dok\u0142adnie opisana, sfotografowana i zarchiwizowana, co pozwala nam na precyzyjne odtworzenie oryginalnego uk\u0142adu samochodu. Dzi\u0119ki temu mamy pe\u0142n\u0105 kontrol\u0119 nad procesem i mo\u017cemy zagwarantowa\u0107, \u017ce \u017caden detal nie zostanie pomini\u0119ty.<\/p>\t\t\t\t\t\t<\/div>\n\t\t\t\t<\/div>\n\t\t\t\t<\/div>\n\t\t<div class=\"elementor-element elementor-element-85eac10 e-con-full e-flex e-con e-child\" data-id=\"85eac10\" data-element_type=\"container\" data-settings=\"{&quot;background_background&quot;:&quot;classic&quot;,&quot;ekit_has_onepagescroll_dot&quot;:&quot;yes&quot;}\">\n\t\t\t\t<\/div>\n\t\t\t\t<\/div>\n\t\t<div class=\"elementor-element elementor-element-64ac8d7 e-con-full e-flex e-con e-child\" data-id=\"64ac8d7\" data-element_type=\"container\" data-settings=\"{&quot;ekit_has_onepagescroll_dot&quot;:&quot;yes&quot;}\">\n\t\t<div class=\"elementor-element elementor-element-22efa88 e-con-full e-flex e-con e-child\" data-id=\"22efa88\" data-element_type=\"container\" data-settings=\"{&quot;background_background&quot;:&quot;classic&quot;,&quot;ekit_has_onepagescroll_dot&quot;:&quot;yes&quot;}\">\n\t\t\t\t<\/div>\n\t\t<div class=\"elementor-element elementor-element-0cb1d46 e-con-full e-flex e-con e-child\" data-id=\"0cb1d46\" data-element_type=\"container\" data-settings=\"{&quot;background_background&quot;:&quot;classic&quot;,&quot;ekit_has_onepagescroll_dot&quot;:&quot;yes&quot;}\">\n\t\t\t\t<div class=\"elementor-element elementor-element-a81f217 elementor-widget elementor-widget-text-editor\" data-id=\"a81f217\" data-element_type=\"widget\" data-settings=\"{&quot;ekit_we_effect_on&quot;:&quot;none&quot;}\" data-widget_type=\"text-editor.default\">\n\t\t\t\t<div class=\"elementor-widget-container\">\n\t\t\t\t\t\t\t<p>3. Naprawa i odbudowa element\u00f3w mechanicznych<\/p>\t\t\t\t\t\t<\/div>\n\t\t\t\t<\/div>\n\t\t\t\t<div class=\"elementor-element elementor-element-7a1ac7b elementor-widget-divider--view-line elementor-widget elementor-widget-divider\" data-id=\"7a1ac7b\" data-element_type=\"widget\" data-settings=\"{&quot;ekit_we_effect_on&quot;:&quot;none&quot;}\" data-widget_type=\"divider.default\">\n\t\t\t\t<div class=\"elementor-widget-container\">\n\t\t\t\t\t<div class=\"elementor-divider\">\n\t\t\t<span class=\"elementor-divider-separator\">\n\t\t\t\t\t\t<\/span>\n\t\t<\/div>\n\t\t\t\t<\/div>\n\t\t\t\t<\/div>\n\t\t\t\t<div class=\"elementor-element elementor-element-d8d9781 elementor-widget__width-initial elementor-widget elementor-widget-text-editor\" data-id=\"d8d9781\" data-element_type=\"widget\" data-settings=\"{&quot;ekit_we_effect_on&quot;:&quot;none&quot;}\" data-widget_type=\"text-editor.default\">\n\t\t\t\t<div class=\"elementor-widget-container\">\n\t\t\t\t\t\t\t<p>W kolejnym kroku skupiamy si\u0119 na mechanice pojazdu. Silnik, skrzynia bieg\u00f3w, uk\u0142ad hamulcowy \u2013 wszystkie te elementy s\u0105 naprawiane, regenerowane lub wymieniane na nowe, zgodnie z pierwotn\u0105 specyfikacj\u0105 techniczn\u0105. Je\u015bli cz\u0119\u015bci s\u0105 trudnodost\u0119pne, jeste\u015bmy w stanie je odtworzy\u0107 dzi\u0119ki wsp\u00f3\u0142pracy z wyspecjalizowanymi dostawcami i warsztatami<\/p>\t\t\t\t\t\t<\/div>\n\t\t\t\t<\/div>\n\t\t\t\t<\/div>\n\t\t\t\t<\/div>\n\t\t<div class=\"elementor-element elementor-element-5ce7251 e-con-full e-flex e-con e-child\" data-id=\"5ce7251\" data-element_type=\"container\" data-settings=\"{&quot;ekit_has_onepagescroll_dot&quot;:&quot;yes&quot;}\">\n\t\t<div class=\"elementor-element elementor-element-39a9243 e-con-full e-flex e-con e-child\" data-id=\"39a9243\" data-element_type=\"container\" data-settings=\"{&quot;background_background&quot;:&quot;classic&quot;,&quot;ekit_has_onepagescroll_dot&quot;:&quot;yes&quot;}\">\n\t\t\t\t<div class=\"elementor-element elementor-element-a4c36d8 elementor-widget elementor-widget-text-editor\" data-id=\"a4c36d8\" data-element_type=\"widget\" data-settings=\"{&quot;ekit_we_effect_on&quot;:&quot;none&quot;}\" data-widget_type=\"text-editor.default\">\n\t\t\t\t<div class=\"elementor-widget-container\">\n\t\t\t\t\t\t\t<p>4. Prace nad karoseri\u0105 i lakierowanie<\/p>\t\t\t\t\t\t<\/div>\n\t\t\t\t<\/div>\n\t\t\t\t<div class=\"elementor-element elementor-element-9c3d8a0 elementor-widget-divider--view-line elementor-widget elementor-widget-divider\" data-id=\"9c3d8a0\" data-element_type=\"widget\" data-settings=\"{&quot;ekit_we_effect_on&quot;:&quot;none&quot;}\" data-widget_type=\"divider.default\">\n\t\t\t\t<div class=\"elementor-widget-container\">\n\t\t\t\t\t<div class=\"elementor-divider\">\n\t\t\t<span class=\"elementor-divider-separator\">\n\t\t\t\t\t\t<\/span>\n\t\t<\/div>\n\t\t\t\t<\/div>\n\t\t\t\t<\/div>\n\t\t\t\t<div class=\"elementor-element elementor-element-de1dafc elementor-widget__width-initial elementor-widget elementor-widget-text-editor\" data-id=\"de1dafc\" data-element_type=\"widget\" data-settings=\"{&quot;ekit_we_effect_on&quot;:&quot;none&quot;}\" data-widget_type=\"text-editor.default\">\n\t\t\t\t<div class=\"elementor-widget-container\">\n\t\t\t\t\t\t\t<p>Po mechanice przychodzi czas na karoseri\u0119. Usuwamy wszelkie ogniska korozji, naprawiamy ubytki i odtwarzamy oryginalne linie nadwozia. Nast\u0119pnie samoch\u00f3d trafia do naszego dzia\u0142u lakierniczego, gdzie precyzyjnie dobieramy kolory, cz\u0119sto zgodne z oryginalnym lakierem z epoki. Ca\u0142y proces lakierowania odbywa si\u0119 przy zachowaniu najwy\u017cszych standard\u00f3w jako\u015bci, aby zapewni\u0107 trwa\u0142o\u015b\u0107 i estetyk\u0119 wyko\u0144czenia.<\/p>\t\t\t\t\t\t<\/div>\n\t\t\t\t<\/div>\n\t\t\t\t<\/div>\n\t\t<div class=\"elementor-element elementor-element-4e87121 e-con-full e-flex e-con e-child\" data-id=\"4e87121\" data-element_type=\"container\" data-settings=\"{&quot;background_background&quot;:&quot;classic&quot;,&quot;ekit_has_onepagescroll_dot&quot;:&quot;yes&quot;}\">\n\t\t\t\t<\/div>\n\t\t\t\t<\/div>\n\t\t<div class=\"elementor-element elementor-element-2e812bb e-con-full e-flex e-con e-child\" data-id=\"2e812bb\" data-element_type=\"container\" data-settings=\"{&quot;ekit_has_onepagescroll_dot&quot;:&quot;yes&quot;}\">\n\t\t<div class=\"elementor-element elementor-element-3026a8c e-con-full e-flex e-con e-child\" data-id=\"3026a8c\" data-element_type=\"container\" data-settings=\"{&quot;background_background&quot;:&quot;classic&quot;,&quot;ekit_has_onepagescroll_dot&quot;:&quot;yes&quot;}\">\n\t\t\t\t<\/div>\n\t\t<div class=\"elementor-element elementor-element-ad71291 e-con-full e-flex e-con e-child\" data-id=\"ad71291\" data-element_type=\"container\" data-settings=\"{&quot;background_background&quot;:&quot;classic&quot;,&quot;ekit_has_onepagescroll_dot&quot;:&quot;yes&quot;}\">\n\t\t\t\t<div class=\"elementor-element elementor-element-7ef3378 elementor-widget elementor-widget-text-editor\" data-id=\"7ef3378\" data-element_type=\"widget\" data-settings=\"{&quot;ekit_we_effect_on&quot;:&quot;none&quot;}\" data-widget_type=\"text-editor.default\">\n\t\t\t\t<div class=\"elementor-widget-container\">\n\t\t\t\t\t\t\t<p>5. Wyko\u0144czenie wn\u0119trza i monta\u017c ko\u0144cowy<\/p>\t\t\t\t\t\t<\/div>\n\t\t\t\t<\/div>\n\t\t\t\t<div class=\"elementor-element elementor-element-8dc510b elementor-widget-divider--view-line elementor-widget elementor-widget-divider\" data-id=\"8dc510b\" data-element_type=\"widget\" data-settings=\"{&quot;ekit_we_effect_on&quot;:&quot;none&quot;}\" data-widget_type=\"divider.default\">\n\t\t\t\t<div class=\"elementor-widget-container\">\n\t\t\t\t\t<div class=\"elementor-divider\">\n\t\t\t<span class=\"elementor-divider-separator\">\n\t\t\t\t\t\t<\/span>\n\t\t<\/div>\n\t\t\t\t<\/div>\n\t\t\t\t<\/div>\n\t\t\t\t<div class=\"elementor-element elementor-element-35cdfd8 elementor-widget__width-initial elementor-widget elementor-widget-text-editor\" data-id=\"35cdfd8\" data-element_type=\"widget\" data-settings=\"{&quot;ekit_we_effect_on&quot;:&quot;none&quot;}\" data-widget_type=\"text-editor.default\">\n\t\t\t\t<div class=\"elementor-widget-container\">\n\t\t\t\t\t\t\t<p>Ostatni etap to prace nad wn\u0119trzem i monta\u017c pojazdu. Odtwarzamy tapicerk\u0119, od\u015bwie\u017camy drewniane elementy, a tak\u017ce odnawiamy wszystkie detale, takie jak zegary, kierownica czy system audio. Po z\u0142o\u017ceniu ca\u0142o\u015bci przeprowadzamy testy jako\u015bciowe, aby upewni\u0107 si\u0119, \u017ce pojazd nie tylko wygl\u0105da jak nowy, ale tak\u017ce jest w pe\u0142ni sprawny technicznie i gotowy do drogi.<\/p>\t\t\t\t\t\t<\/div>\n\t\t\t\t<\/div>\n\t\t\t\t<\/div>\n\t\t\t\t<\/div>\n\t\t\t\t\t<\/div>\n\t\t\t\t<\/div>\n\t\t\t\t<\/div>\n\t\t","protected":false},"excerpt":{"rendered":"<p>Jak to robimy &#8222;Renowacja klasycznych samochod\u00f3w to sztuka, w kt\u00f3rej ka\u017cdy detal ma znaczenie. W Classictech wierzymy, \u017ce ka\u017cde auto [&hellip;]<\/p>\n","protected":false},"author":1,"featured_media":0,"parent":0,"menu_order":0,"comment_status":"closed","ping_status":"closed","template":"","meta":{"site-sidebar-layout":"no-sidebar","site-content-layout":"","ast-site-content-layout":"full-width-container","site-content-style":"default","site-sidebar-style":"default","ast-global-header-display":"","ast-banner-title-visibility":"","ast-main-header-display":"disabled","ast-hfb-above-header-display":"","ast-hfb-below-header-display":"","ast-hfb-mobile-header-display":"disabled","site-post-title":"disabled","ast-breadcrumbs-content":"","ast-featured-img":"disabled","footer-sml-layout":"disabled","theme-transparent-header-meta":"default","adv-header-id-meta":"","stick-header-meta":"","header-above-stick-meta":"","header-main-stick-meta":"","header-below-stick-meta":"","astra-migrate-meta-layouts":"set","ast-page-background-enabled":"default","ast-page-background-meta":{"desktop":{"background-color":"var(--ast-global-color-4)","background-image":"","background-repeat":"repeat","background-position":"center center","background-size":"auto","background-attachment":"scroll","background-type":"","background-media":"","overlay-type":"","overlay-color":"","overlay-opacity":"","overlay-gradient":""},"tablet":{"background-color":"","background-image":"","background-repeat":"repeat","background-position":"center center","background-size":"auto","background-attachment":"scroll","background-type":"","background-media":"","overlay-type":"","overlay-color":"","overlay-opacity":"","overlay-gradient":""},"mobile":{"background-color":"","background-image":"","background-repeat":"repeat","background-position":"center center","background-size":"auto","background-attachment":"scroll","background-type":"","background-media":"","overlay-type":"","overlay-color":"","overlay-opacity":"","overlay-gradient":""}},"ast-content-background-meta":{"desktop":{"background-color":"var(--ast-global-color-5)","background-image":"","background-repeat":"repeat","background-position":"center center","background-size":"auto","background-attachment":"scroll","background-type":"","background-media":"","overlay-type":"","overlay-color":"","overlay-opacity":"","overlay-gradient":""},"tablet":{"background-color":"var(--ast-global-color-5)","background-image":"","background-repeat":"repeat","background-position":"center center","background-size":"auto","background-attachment":"scroll","background-type":"","background-media":"","overlay-type":"","overlay-color":"","overlay-opacity":"","overlay-gradient":""},"mobile":{"background-color":"var(--ast-global-color-5)","background-image":"","background-repeat":"repeat","background-position":"center center","background-size":"auto","background-attachment":"scroll","background-type":"","background-media":"","overlay-type":"","overlay-color":"","overlay-opacity":"","overlay-gradient":""}},"footnotes":""},"class_list":["post-2454","page","type-page","status-publish","hentry"],"_links":{"self":[{"href":"https:\/\/classic.skyweb.com.pl\/index.php?rest_route=\/wp\/v2\/pages\/2454","targetHints":{"allow":["GET"]}}],"collection":[{"href":"https:\/\/classic.skyweb.com.pl\/index.php?rest_route=\/wp\/v2\/pages"}],"about":[{"href":"https:\/\/classic.skyweb.com.pl\/index.php?rest_route=\/wp\/v2\/types\/page"}],"author":[{"embeddable":true,"href":"https:\/\/classic.skyweb.com.pl\/index.php?rest_route=\/wp\/v2\/users\/1"}],"replies":[{"embeddable":true,"href":"https:\/\/classic.skyweb.com.pl\/index.php?rest_route=%2Fwp%2Fv2%2Fcomments&post=2454"}],"version-history":[{"count":55,"href":"https:\/\/classic.skyweb.com.pl\/index.php?rest_route=\/wp\/v2\/pages\/2454\/revisions"}],"predecessor-version":[{"id":2896,"href":"https:\/\/classic.skyweb.com.pl\/index.php?rest_route=\/wp\/v2\/pages\/2454\/revisions\/2896"}],"wp:attachment":[{"href":"https:\/\/classic.skyweb.com.pl\/index.php?rest_route=%2Fwp%2Fv2%2Fmedia&parent=2454"}],"curies":[{"name":"wp","href":"https:\/\/api.w.org\/{rel}","templated":true}]}}