{"id":2163,"date":"2024-11-28T13:43:02","date_gmt":"2024-11-28T12:43:02","guid":{"rendered":"https:\/\/classictech.eu\/?page_id=2163"},"modified":"2024-12-11T10:10:32","modified_gmt":"2024-12-11T09:10:32","slug":"na-sprzedz","status":"publish","type":"page","link":"https:\/\/classic.skyweb.com.pl\/?page_id=2163","title":{"rendered":"Samochody na sprzeda\u017c"},"content":{"rendered":"\t\t<div data-elementor-type=\"wp-page\" data-elementor-id=\"2163\" class=\"elementor elementor-2163\" data-elementor-post-type=\"page\">\n\t\t\t\t<div class=\"elementor-element elementor-element-e22035c e-flex e-con-boxed e-con e-parent\" data-id=\"e22035c\" data-element_type=\"container\" data-settings=\"{&quot;background_background&quot;:&quot;gradient&quot;,&quot;ekit_has_onepagescroll_dot&quot;:&quot;yes&quot;}\">\n\t\t\t\t\t<div class=\"e-con-inner\">\n\t\t\t\t\t<\/div>\n\t\t\t\t<\/div>\n\t\t<div class=\"elementor-element elementor-element-d9d6cf5 e-con-full elementor-hidden-tablet elementor-hidden-mobile e-flex elementor-invisible e-con e-parent\" data-id=\"d9d6cf5\" data-element_type=\"container\" data-settings=\"{&quot;background_background&quot;:&quot;classic&quot;,&quot;animation&quot;:&quot;fadeInDown&quot;,&quot;ekit_has_onepagescroll_dot&quot;:&quot;yes&quot;}\">\n\t\t\t\t<div class=\"elementor-element elementor-element-de45624 elementor-widget elementor-widget-image\" data-id=\"de45624\" data-element_type=\"widget\" data-settings=\"{&quot;ekit_we_effect_on&quot;:&quot;none&quot;}\" data-widget_type=\"image.default\">\n\t\t\t\t<div class=\"elementor-widget-container\">\n\t\t\t\t\t\t\t\t\t\t\t\t\t<img fetchpriority=\"high\" decoding=\"async\" width=\"740\" height=\"1024\" src=\"https:\/\/classic.skyweb.com.pl\/wp-content\/uploads\/2024\/10\/classictech_white-740x1024.png\" class=\"attachment-large size-large wp-image-716\" alt=\"\" srcset=\"https:\/\/classic.skyweb.com.pl\/wp-content\/uploads\/2024\/10\/classictech_white-740x1024.png 740w, https:\/\/classic.skyweb.com.pl\/wp-content\/uploads\/2024\/10\/classictech_white-217x300.png 217w, https:\/\/classic.skyweb.com.pl\/wp-content\/uploads\/2024\/10\/classictech_white-768x1063.png 768w, https:\/\/classic.skyweb.com.pl\/wp-content\/uploads\/2024\/10\/classictech_white.png 832w\" sizes=\"(max-width: 740px) 100vw, 740px\" \/>\t\t\t\t\t\t\t\t\t\t\t\t\t<\/div>\n\t\t\t\t<\/div>\n\t\t\t\t<\/div>\n\t\t<div class=\"elementor-element elementor-element-8d98b3a e-flex e-con-boxed e-con e-parent\" data-id=\"8d98b3a\" data-element_type=\"container\" data-settings=\"{&quot;background_background&quot;:&quot;classic&quot;,&quot;ekit_has_onepagescroll_dot&quot;:&quot;yes&quot;}\">\n\t\t\t\t\t<div class=\"e-con-inner\">\n\t\t\t\t<div class=\"elementor-element elementor-element-983739a elementor-widget elementor-widget-text-editor\" data-id=\"983739a\" data-element_type=\"widget\" data-settings=\"{&quot;ekit_we_effect_on&quot;:&quot;none&quot;}\" data-widget_type=\"text-editor.default\">\n\t\t\t\t<div class=\"elementor-widget-container\">\n\t\t\t\t\t\t\t<p>Samochody na sprzeda\u017c\u00a0<\/p>\t\t\t\t\t\t<\/div>\n\t\t\t\t<\/div>\n\t\t\t\t<div class=\"elementor-element elementor-element-e2f33ac elementor-widget__width-initial elementor-widget elementor-widget-text-editor\" data-id=\"e2f33ac\" data-element_type=\"widget\" data-settings=\"{&quot;ekit_we_effect_on&quot;:&quot;none&quot;}\" data-widget_type=\"text-editor.default\">\n\t\t\t\t<div class=\"elementor-widget-container\">\n\t\t\t\t\t\t\t<p>Zapraszamy do zapoznania si\u0119 z nasz\u0105 wyj\u0105tkow\u0105 ofert\u0105 odrestaurowanych samochod\u00f3w retro. Ka\u017cdy z naszych klasyk\u00f3w przeszed\u0142 staranny proces renowacji, zachowuj\u0105c oryginalny charakter i urok dawnych lat. Te auta to nie tylko pojazdy \u2013 to historie motoryzacji zamkni\u0119te w eleganckiej formie. Idealne dla pasjonat\u00f3w klasyki, kolekcjoner\u00f3w i mi\u0142o\u015bnik\u00f3w ponadczasowego stylu. Przenie\u015b si\u0119 w czasie i pozw\u00f3l, by Tw\u00f3j gara\u017c zyska\u0142 prawdziwy motoryzacyjny skarb!<\/p>\t\t\t\t\t\t<\/div>\n\t\t\t\t<\/div>\n\t\t\t\t\t<\/div>\n\t\t\t\t<\/div>\n\t\t<div class=\"elementor-element elementor-element-c390c91 e-con-full e-flex e-con e-parent\" data-id=\"c390c91\" data-element_type=\"container\" data-settings=\"{&quot;background_background&quot;:&quot;classic&quot;,&quot;ekit_has_onepagescroll_dot&quot;:&quot;yes&quot;}\">\n\t\t\t\t<div class=\"elementor-element elementor-element-3f8d3e0 elementor-widget elementor-widget-jet-listing-grid\" data-id=\"3f8d3e0\" data-element_type=\"widget\" data-settings=\"{&quot;columns&quot;:&quot;2&quot;,&quot;columns_tablet&quot;:&quot;1&quot;,&quot;columns_mobile&quot;:&quot;1&quot;,&quot;ekit_we_effect_on&quot;:&quot;none&quot;}\" data-widget_type=\"jet-listing-grid.default\">\n\t\t\t\t<div class=\"elementor-widget-container\">\n\t\t\t<div class=\"jet-listing-grid jet-listing-grid--lazy-load jet-listing jet-listing-grid-loading\" data-lazy-load=\"{&quot;offset&quot;:&quot;0px&quot;,&quot;post_id&quot;:2163,&quot;queried_id&quot;:&quot;2163|WP_Post&quot;}\"><div class=\"jet-listing-grid__loader\"><div class=\"jet-listing-grid__loader-spinner\"><\/div><\/div><\/div>\t\t<\/div>\n\t\t\t\t<\/div>\n\t\t\t\t<\/div>\n\t\t\t\t<\/div>\n\t\t","protected":false},"excerpt":{"rendered":"<p>Samochody na sprzeda\u017c\u00a0 Zapraszamy do zapoznania si\u0119 z nasz\u0105 wyj\u0105tkow\u0105 ofert\u0105 odrestaurowanych samochod\u00f3w retro. Ka\u017cdy z naszych klasyk\u00f3w przeszed\u0142 staranny [&hellip;]<\/p>\n","protected":false},"author":1,"featured_media":0,"parent":0,"menu_order":0,"comment_status":"closed","ping_status":"closed","template":"","meta":{"site-sidebar-layout":"no-sidebar","site-content-layout":"","ast-site-content-layout":"full-width-container","site-content-style":"default","site-sidebar-style":"default","ast-global-header-display":"","ast-banner-title-visibility":"","ast-main-header-display":"disabled","ast-hfb-above-header-display":"","ast-hfb-below-header-display":"","ast-hfb-mobile-header-display":"disabled","site-post-title":"disabled","ast-breadcrumbs-content":"","ast-featured-img":"disabled","footer-sml-layout":"disabled","theme-transparent-header-meta":"default","adv-header-id-meta":"","stick-header-meta":"","header-above-stick-meta":"","header-main-stick-meta":"","header-below-stick-meta":"","astra-migrate-meta-layouts":"set","ast-page-background-enabled":"default","ast-page-background-meta":{"desktop":{"background-color":"var(--ast-global-color-4)","background-image":"","background-repeat":"repeat","background-position":"center center","background-size":"auto","background-attachment":"scroll","background-type":"","background-media":"","overlay-type":"","overlay-color":"","overlay-opacity":"","overlay-gradient":""},"tablet":{"background-color":"","background-image":"","background-repeat":"repeat","background-position":"center center","background-size":"auto","background-attachment":"scroll","background-type":"","background-media":"","overlay-type":"","overlay-color":"","overlay-opacity":"","overlay-gradient":""},"mobile":{"background-color":"","background-image":"","background-repeat":"repeat","background-position":"center center","background-size":"auto","background-attachment":"scroll","background-type":"","background-media":"","overlay-type":"","overlay-color":"","overlay-opacity":"","overlay-gradient":""}},"ast-content-background-meta":{"desktop":{"background-color":"var(--ast-global-color-5)","background-image":"","background-repeat":"repeat","background-position":"center center","background-size":"auto","background-attachment":"scroll","background-type":"","background-media":"","overlay-type":"","overlay-color":"","overlay-opacity":"","overlay-gradient":""},"tablet":{"background-color":"var(--ast-global-color-5)","background-image":"","background-repeat":"repeat","background-position":"center center","background-size":"auto","background-attachment":"scroll","background-type":"","background-media":"","overlay-type":"","overlay-color":"","overlay-opacity":"","overlay-gradient":""},"mobile":{"background-color":"var(--ast-global-color-5)","background-image":"","background-repeat":"repeat","background-position":"center center","background-size":"auto","background-attachment":"scroll","background-type":"","background-media":"","overlay-type":"","overlay-color":"","overlay-opacity":"","overlay-gradient":""}},"footnotes":""},"class_list":["post-2163","page","type-page","status-publish","hentry"],"_links":{"self":[{"href":"https:\/\/classic.skyweb.com.pl\/index.php?rest_route=\/wp\/v2\/pages\/2163","targetHints":{"allow":["GET"]}}],"collection":[{"href":"https:\/\/classic.skyweb.com.pl\/index.php?rest_route=\/wp\/v2\/pages"}],"about":[{"href":"https:\/\/classic.skyweb.com.pl\/index.php?rest_route=\/wp\/v2\/types\/page"}],"author":[{"embeddable":true,"href":"https:\/\/classic.skyweb.com.pl\/index.php?rest_route=\/wp\/v2\/users\/1"}],"replies":[{"embeddable":true,"href":"https:\/\/classic.skyweb.com.pl\/index.php?rest_route=%2Fwp%2Fv2%2Fcomments&post=2163"}],"version-history":[{"count":104,"href":"https:\/\/classic.skyweb.com.pl\/index.php?rest_route=\/wp\/v2\/pages\/2163\/revisions"}],"predecessor-version":[{"id":2842,"href":"https:\/\/classic.skyweb.com.pl\/index.php?rest_route=\/wp\/v2\/pages\/2163\/revisions\/2842"}],"wp:attachment":[{"href":"https:\/\/classic.skyweb.com.pl\/index.php?rest_route=%2Fwp%2Fv2%2Fmedia&parent=2163"}],"curies":[{"name":"wp","href":"https:\/\/api.w.org\/{rel}","templated":true}]}}